{"id":12,"date":"2021-11-14T20:40:52","date_gmt":"2021-11-14T19:40:52","guid":{"rendered":"http:\/\/terapia-zinkiewicz.pl\/?page_id=12"},"modified":"2021-11-22T22:25:09","modified_gmt":"2021-11-22T21:25:09","slug":"kontakt","status":"publish","type":"page","link":"http:\/\/terapia-zinkiewicz.pl\/index.php\/kontakt\/","title":{"rendered":"Kontakt"},"content":{"rendered":"\n<p>Zapraszam do kontaktu oraz um\u00f3wienia wizyty. Pomagam w trudnych sytuacjach,<br>przejdziemy przez to razem.<\/p>\n\n\n\n<p><\/p>\n\n\n\n<p>Je\u015bli nie b\u0119d\u0119 mog\u0142a odebra\u0107 od Pa\u0144stwa po\u0142\u0105czenia telefonicznego, prosz\u0119 o wiadomo\u015b\u0107 SMS.<br>Oddzwoni\u0119 w najbli\u017cszym mo\u017cliwym terminie.<br><br>Rejestracja telefoniczna, mailowa.<\/p>\n\n\n\n<p><br>Wizyty wy\u0142\u0105cznie po wcze\u015bniejszym ustaleniu terminu.<\/p>\n\n\n\n<p><br>Telefon: 695511203<\/p>\n\n\n\n<p><\/p>\n\n\n\n<p><br>E-mail: psychoterapia.zinkiewicz@gmail.com<\/p>\n\n\n\n<p><\/p>\n\n\n\n<p><br>NIP: 9492240156<\/p>\n\n\n\n<p><\/p>\n\n\n\n<p><\/p>\n\n\n\n<p><\/p>\n\n\n\n<p><br><\/p>\n","protected":false},"excerpt":{"rendered":"<p>Zapraszam do kontaktu oraz um\u00f3wienia wizyty. Pomagam w trudnych sytuacjach,przejdziemy przez to razem. Je\u015bli nie b\u0119d\u0119 mog\u0142a odebra\u0107 od Pa\u0144stwa po\u0142\u0105czenia telefonicznego, prosz\u0119 o wiadomo\u015b\u0107 SMS.Oddzwoni\u0119 w najbli\u017cszym mo\u017cliwym terminie. Rejestracja telefoniczna, mailowa. Wizyty wy\u0142\u0105cznie po wcze\u015bniejszym ustaleniu terminu. Telefon: 695511203 E-mail: psychoterapia.zinkiewicz@gmail.com NIP: 9492240156<\/p>\n","protected":false},"author":1,"featured_media":0,"parent":0,"menu_order":0,"comment_status":"closed","ping_status":"closed","template":"","meta":{"footnotes":""},"class_list":["post-12","page","type-page","status-publish","hentry"],"_links":{"self":[{"href":"http:\/\/terapia-zinkiewicz.pl\/index.php\/wp-json\/wp\/v2\/pages\/12","targetHints":{"allow":["GET"]}}],"collection":[{"href":"http:\/\/terapia-zinkiewicz.pl\/index.php\/wp-json\/wp\/v2\/pages"}],"about":[{"href":"http:\/\/terapia-zinkiewicz.pl\/index.php\/wp-json\/wp\/v2\/types\/page"}],"author":[{"embeddable":true,"href":"http:\/\/terapia-zinkiewicz.pl\/index.php\/wp-json\/wp\/v2\/users\/1"}],"replies":[{"embeddable":true,"href":"http:\/\/terapia-zinkiewicz.pl\/index.php\/wp-json\/wp\/v2\/comments?post=12"}],"version-history":[{"count":10,"href":"http:\/\/terapia-zinkiewicz.pl\/index.php\/wp-json\/wp\/v2\/pages\/12\/revisions"}],"predecessor-version":[{"id":114,"href":"http:\/\/terapia-zinkiewicz.pl\/index.php\/wp-json\/wp\/v2\/pages\/12\/revisions\/114"}],"wp:attachment":[{"href":"http:\/\/terapia-zinkiewicz.pl\/index.php\/wp-json\/wp\/v2\/media?parent=12"}],"curies":[{"name":"wp","href":"https:\/\/api.w.org\/{rel}","templated":true}]}}