{"id":10,"date":"2021-11-14T20:40:52","date_gmt":"2021-11-14T19:40:52","guid":{"rendered":"http:\/\/terapia-zinkiewicz.pl\/?page_id=10"},"modified":"2021-11-22T09:40:15","modified_gmt":"2021-11-22T08:40:15","slug":"tworz-swoja-witryne-za-pomoca-blokow","status":"publish","type":"page","link":"https:\/\/terapia-zinkiewicz.pl\/","title":{"rendered":"Informacje"},"content":{"rendered":"\n<p class=\"has-text-align-left\"><br>Jestem psycholo\u017ck\u0105, seksuolo\u017ck\u0105, psychoterapeutk\u0105 i zajmuj\u0119 si\u0119 profesjonaln\u0105 pomoc\u0105<br>psychoterapeutyczn\u0105 w konwencji Poznawczo-behawioralnej.<\/p>\n\n\n\n<p class=\"has-text-align-left\"><br>Zapraszam wszystkich tych, kt\u00f3rzy prze\u017cywaj\u0105 \u017cyciowe kryzysy, trudno\u015bci emocjonalne,<br>cierpi\u0105 z powodu dolegliwo\u015bci psychicznych i psychosomatycznych, odczuwaj\u0105 trudno\u015bci w \u017cyciu<br>seksualnym.<\/p>\n\n\n\n<p class=\"has-text-align-left\"><br>Psychoterapia jest rozmow\u0105, kt\u00f3ra leczy i jest odpowiednim miejscem na podzielenie si\u0119<br>wszystkimi obecnie prze\u017cywanymi emocjami i trudno\u015bciami.<br>Daj sobie szans\u0119. Porozmawiajmy&#8230;<\/p>\n\n\n\n<p><\/p>\n\n\n\n<p><\/p>\n\n\n\n<p><\/p>\n\n\n\n<p><\/p>\n\n\n\n<p><\/p>\n\n\n\n<p><\/p>\n\n\n\n<p><\/p>\n\n\n\n<blockquote class=\"wp-block-quote has-text-align-right is-layout-flow wp-block-quote-is-layout-flow\"><p><br>\u201cTerapia poznawcza ma na celu z\u0142agodzenie psychologicznego napi\u0119cia<br>poprzez korygowanie nieporozumie\u0144. Poprawiaj\u0105c b\u0142\u0119dne przekonania, mo\u017cemy<br>st\u0142umi\u0107 nadmierne reakcje\u201d.<\/p><p><br>Aarona Becka<\/p><\/blockquote>\n","protected":false},"excerpt":{"rendered":"<p>Jestem psycholo\u017ck\u0105, seksuolo\u017ck\u0105, psychoterapeutk\u0105 i zajmuj\u0119 si\u0119 profesjonaln\u0105 pomoc\u0105psychoterapeutyczn\u0105 w konwencji Poznawczo-behawioralnej. Zapraszam wszystkich tych, kt\u00f3rzy prze\u017cywaj\u0105 \u017cyciowe kryzysy, trudno\u015bci emocjonalne,cierpi\u0105 z powodu dolegliwo\u015bci psychicznych i psychosomatycznych, odczuwaj\u0105 trudno\u015bci w \u017cyciuseksualnym. Psychoterapia jest rozmow\u0105, kt\u00f3ra leczy i jest odpowiednim miejscem na podzielenie si\u0119wszystkimi obecnie prze\u017cywanymi emocjami i trudno\u015bciami.Daj sobie szans\u0119. Porozmawiajmy&#8230; \u201cTerapia poznawcza ma na celu z\u0142agodzenie psychologicznego napi\u0119ciapoprzez korygowanie nieporozumie\u0144. Poprawiaj\u0105c b\u0142\u0119dne przekonania, mo\u017cemyst\u0142umi\u0107 nadmierne reakcje\u201d. Aarona Becka<\/p>\n","protected":false},"author":1,"featured_media":0,"parent":0,"menu_order":0,"comment_status":"closed","ping_status":"closed","template":"","meta":{"footnotes":""},"class_list":["post-10","page","type-page","status-publish","hentry"],"_links":{"self":[{"href":"https:\/\/terapia-zinkiewicz.pl\/index.php\/wp-json\/wp\/v2\/pages\/10","targetHints":{"allow":["GET"]}}],"collection":[{"href":"https:\/\/terapia-zinkiewicz.pl\/index.php\/wp-json\/wp\/v2\/pages"}],"about":[{"href":"https:\/\/terapia-zinkiewicz.pl\/index.php\/wp-json\/wp\/v2\/types\/page"}],"author":[{"embeddable":true,"href":"https:\/\/terapia-zinkiewicz.pl\/index.php\/wp-json\/wp\/v2\/users\/1"}],"replies":[{"embeddable":true,"href":"https:\/\/terapia-zinkiewicz.pl\/index.php\/wp-json\/wp\/v2\/comments?post=10"}],"version-history":[{"count":8,"href":"https:\/\/terapia-zinkiewicz.pl\/index.php\/wp-json\/wp\/v2\/pages\/10\/revisions"}],"predecessor-version":[{"id":98,"href":"https:\/\/terapia-zinkiewicz.pl\/index.php\/wp-json\/wp\/v2\/pages\/10\/revisions\/98"}],"wp:attachment":[{"href":"https:\/\/terapia-zinkiewicz.pl\/index.php\/wp-json\/wp\/v2\/media?parent=10"}],"curies":[{"name":"wp","href":"https:\/\/api.w.org\/{rel}","templated":true}]}}