{"id":15,"date":"2021-11-14T20:40:52","date_gmt":"2021-11-14T19:40:52","guid":{"rendered":"http:\/\/terapia-zinkiewicz.pl\/?page_id=15"},"modified":"2025-02-13T09:13:53","modified_gmt":"2025-02-13T08:13:53","slug":"oferta","status":"publish","type":"page","link":"https:\/\/terapia-zinkiewicz.pl\/index.php\/oferta\/","title":{"rendered":"OFERTA"},"content":{"rendered":"\n<p class=\"has-text-align-left\"><strong><em>CENNIK<\/em><\/strong><\/p>\n\n\n\n<p class=\"has-text-align-left\"><br>Konsultacja psychologiczna\/psychoedukacja (50 minut) 200 z\u0142<\/p>\n\n\n\n<p class=\"has-text-align-left\"><br>Konsultacja psychoterapeutyczna. Pierwsza wizyta (50 minut) 200 z\u0142<\/p>\n\n\n\n<p class=\"has-text-align-left\"><br>Sesja psychoterapii indywidualnej. Kolejne wizyty (50 minut) 200 z\u0142<\/p>\n\n\n\n<p class=\"has-text-align-left\"><br>Konsultacja seksuologiczna. Pierwsza wizyta (50 minut) 220 z\u0142<\/p>\n\n\n\n<p class=\"has-text-align-left\"><br>Sesja psychoterapii seksuologicznej. Kolejne wizyty (50 minut) 220 z\u0142<\/p>\n\n\n\n<p class=\"has-text-align-left\"><br>(Cennik dotyczy zar\u00f3wno konsultacji stacjonarnych i online).<\/p>\n\n\n\n<p class=\"has-text-align-left\"><br><strong>P\u0142atno\u015b\u0107 w gabinecie przyjmuj\u0119 got\u00f3wk\u0105. <\/strong>Za konsultacj\u0119 online op\u0142at\u0119 prosz\u0119 przes\u0142a\u0107<br>przed spotkaniem na nr konta: 26 1050 1142 1000 0097 1968 8799<\/p>\n\n\n\n<p><strong>Odwo\u0142ywanie wizyt&nbsp;<\/strong>\u2013 w przypadku niespodziewanych zdarze\u0144 mo\u017cna odwo\u0142a\u0107 wizyt\u0119 najp\u00f3\u017aniej 24h przed sesj\u0105 (do godziny 18:00 dnia poprzedzaj\u0105cego sesj\u0119). W przeciwnym wypadku pacjent zostanie zobowi\u0105zany do uiszczenia op\u0142aty za zarezerwowany termin.<\/p>\n\n\n\n<p>W przypadku&nbsp;<strong>sp\u00f3\u017anienia<\/strong>&nbsp;p\u0142aci si\u0119 za ca\u0142\u0105 sesj\u0119. Nie jest ona przed\u0142u\u017cana.<\/p>\n\n\n\n<p><strong>Aby potwierdzi\u0107 pierwsz\u0105 wizyt\u0119 konieczne jest wcze\u015bniejsze jej op\u0142acenie<\/strong>&nbsp;<strong>przelewem<\/strong>. Po&nbsp;otrzymaniu wp\u0142aty rezerwacja terminu jest potwierdzana. Op\u0142acenie rezerwacji konieczne jest na minimalnie 24h przed planowan\u0105 sesj\u0105, w&nbsp;przeciwnym razie termin przepada.&nbsp;<\/p>\n","protected":false},"excerpt":{"rendered":"<p>CENNIK Konsultacja psychologiczna\/psychoedukacja (50 minut) 200 z\u0142 Konsultacja psychoterapeutyczna. Pierwsza wizyta (50 minut) 200 z\u0142 Sesja psychoterapii indywidualnej. Kolejne wizyty (50 minut) 200 z\u0142 Konsultacja seksuologiczna. Pierwsza wizyta (50 minut) 220 z\u0142 Sesja psychoterapii seksuologicznej. Kolejne wizyty (50 minut) 220 z\u0142 (Cennik dotyczy zar\u00f3wno konsultacji stacjonarnych i online). P\u0142atno\u015b\u0107 w gabinecie przyjmuj\u0119 got\u00f3wk\u0105. Za konsultacj\u0119 online op\u0142at\u0119 prosz\u0119 przes\u0142a\u0107przed spotkaniem na nr konta: 26 1050 1142 1000 0097 1968 8799 Odwo\u0142ywanie wizyt&nbsp;\u2013 w przypadku niespodziewanych zdarze\u0144 mo\u017cna odwo\u0142a\u0107 wizyt\u0119 najp\u00f3\u017aniej 24h przed sesj\u0105 (do godziny 18:00 dnia poprzedzaj\u0105cego sesj\u0119). W przeciwnym wypadku pacjent zostanie zobowi\u0105zany do uiszczenia op\u0142aty za zarezerwowany termin. W przypadku&nbsp;sp\u00f3\u017anienia&nbsp;p\u0142aci si\u0119 za ca\u0142\u0105 sesj\u0119. Nie jest ona przed\u0142u\u017cana. Aby potwierdzi\u0107 pierwsz\u0105 wizyt\u0119 konieczne jest wcze\u015bniejsze jej op\u0142acenie&nbsp;przelewem. Po&nbsp;otrzymaniu wp\u0142aty rezerwacja terminu jest potwierdzana. Op\u0142acenie rezerwacji konieczne jest na minimalnie 24h przed planowan\u0105 sesj\u0105, w&nbsp;przeciwnym razie termin przepada.&nbsp;<\/p>\n","protected":false},"author":1,"featured_media":0,"parent":0,"menu_order":0,"comment_status":"closed","ping_status":"closed","template":"","meta":{"footnotes":""},"class_list":["post-15","page","type-page","status-publish","hentry"],"_links":{"self":[{"href":"https:\/\/terapia-zinkiewicz.pl\/index.php\/wp-json\/wp\/v2\/pages\/15","targetHints":{"allow":["GET"]}}],"collection":[{"href":"https:\/\/terapia-zinkiewicz.pl\/index.php\/wp-json\/wp\/v2\/pages"}],"about":[{"href":"https:\/\/terapia-zinkiewicz.pl\/index.php\/wp-json\/wp\/v2\/types\/page"}],"author":[{"embeddable":true,"href":"https:\/\/terapia-zinkiewicz.pl\/index.php\/wp-json\/wp\/v2\/users\/1"}],"replies":[{"embeddable":true,"href":"https:\/\/terapia-zinkiewicz.pl\/index.php\/wp-json\/wp\/v2\/comments?post=15"}],"version-history":[{"count":10,"href":"https:\/\/terapia-zinkiewicz.pl\/index.php\/wp-json\/wp\/v2\/pages\/15\/revisions"}],"predecessor-version":[{"id":150,"href":"https:\/\/terapia-zinkiewicz.pl\/index.php\/wp-json\/wp\/v2\/pages\/15\/revisions\/150"}],"wp:attachment":[{"href":"https:\/\/terapia-zinkiewicz.pl\/index.php\/wp-json\/wp\/v2\/media?parent=15"}],"curies":[{"name":"wp","href":"https:\/\/api.w.org\/{rel}","templated":true}]}}