{"id":19,"date":"2021-11-14T20:40:52","date_gmt":"2021-11-14T19:40:52","guid":{"rendered":"http:\/\/terapia-zinkiewicz.pl\/?page_id=19"},"modified":"2024-02-17T11:56:15","modified_gmt":"2024-02-17T10:56:15","slug":"o-mnie","status":"publish","type":"page","link":"https:\/\/terapia-zinkiewicz.pl\/index.php\/o-mnie\/","title":{"rendered":"O MNIE"},"content":{"rendered":"<div class=\"wp-block-image\">\n<figure class=\"alignright size-medium is-resized\"><img loading=\"lazy\" decoding=\"async\" width=\"300\" height=\"300\" src=\"http:\/\/terapia-zinkiewicz.pl\/wp-content\/uploads\/2021\/11\/fotokwadrat-300x300.jpg\" alt=\"\" class=\"wp-image-63\" style=\"width:283px;height:283px\" srcset=\"https:\/\/terapia-zinkiewicz.pl\/wp-content\/uploads\/2021\/11\/fotokwadrat-300x300.jpg 300w, https:\/\/terapia-zinkiewicz.pl\/wp-content\/uploads\/2021\/11\/fotokwadrat-1024x1024.jpg 1024w, https:\/\/terapia-zinkiewicz.pl\/wp-content\/uploads\/2021\/11\/fotokwadrat-150x150.jpg 150w, https:\/\/terapia-zinkiewicz.pl\/wp-content\/uploads\/2021\/11\/fotokwadrat-768x768.jpg 768w, https:\/\/terapia-zinkiewicz.pl\/wp-content\/uploads\/2021\/11\/fotokwadrat-1536x1536.jpg 1536w, https:\/\/terapia-zinkiewicz.pl\/wp-content\/uploads\/2021\/11\/fotokwadrat-2048x2048.jpg 2048w, https:\/\/terapia-zinkiewicz.pl\/wp-content\/uploads\/2021\/11\/fotokwadrat-1140x1140.jpg 1140w, https:\/\/terapia-zinkiewicz.pl\/wp-content\/uploads\/2021\/11\/fotokwadrat-75x75.jpg 75w\" sizes=\"auto, (max-width: 300px) 100vw, 300px\" \/><\/figure>\n<\/div>\n\n\n<p><\/p>\n\n\n\n<p>Jestem psycholo\u017ck\u0105 specjalno\u015bci klinicznej, seksuolo\u017ck\u0105, terapeutk\u0105 poznawczo-behawioraln\u0105 w&nbsp;trakcie procesu certyfikacji.<\/p>\n\n\n\n<p><br><\/p>\n\n\n\n<p>Do\u015bwiadczenie zawodowe zdobywa\u0142am na Oddziale Psychiatrycznym w Szpitalu Specjalistycznym w Cz\u0119stochowie oraz w Poradni Seksuologii i Patologii Wsp\u00f3\u0142\u017cycia w Warszawie. Prowadzi\u0142am terapi\u0119 indywidualn\u0105 i grupow\u0105 w O\u015brodku Leczenia Uzale\u017cnie\u0144, pracuj\u0105c z pacjentami borykaj\u0105cymi si\u0119 z uzale\u017cnieniem od alkoholu, narkotyk\u00f3w, hazardu i uzale\u017cnie\u0144 behawioralnych. Wsp\u00f3\u0142pracowa\u0142am z wieloma szko\u0142ami \u015brednimi prowadz\u0105c warsztaty dla m\u0142odzie\u017cy dotycz\u0105ce wykluczenia, stygmatyzacji i r\u00f3wno\u015bci. Prowadzi\u0142am r\u00f3wnie\u017c zaj\u0119cia psychoedukacyjne z dzie\u0107mi w przedszkolu kszta\u0142tuj\u0105c prawid\u0142owe postawy, edukuj\u0119 w sferze emocjonalnej oraz wspiera\u0142am rozw\u00f3j psychofizyczny najm\u0142odszych. Ponadto pracowa\u0142am z osobami starszymi z niepe\u0142nosprawno\u015bci\u0105 i zaburzeniami pami\u0119ci wspieraj\u0105c aktywizacj\u0119 w jesieni ich \u017cycia. W Specjalnym O\u015brodku Wychowawczym w Cz\u0119stochowie udziela\u0142am wsparcia dzieciom i m\u0142odzie\u017cy do\u015bwiadczaj\u0105cym wykluczenia spo\u0142ecznego, trudno\u015bci wynikaj\u0105cych z zaburze\u0144 zachowania, spektrum autyzmu oraz pomaga\u0142am w rozwi\u0105zywaniu trudno\u015bci seksualnych.<br>Pracowa\u0142am w szpitalu MSWiA na Oddziale Leczenia Zaburze\u0144 Nerwicowych, gdzie prowadzi\u0142am psychoterapi\u0119 indywidualn\u0105 i grupow\u0105 dla pacjent\u00f3w do\u015bwiadczaj\u0105cych: depresji, PTSD i zaburze\u0144 l\u0119kowych.<\/p>\n\n\n\n<p><\/p>\n\n\n\n<p>Obecnie, prowadz\u0119 psychoterapi\u0119 indywidualn\u0105 oraz seksuologiczn\u0105. Wsp\u00f3\u0142towarzysz\u0119 rodzicom nastoletnich pacjent\u00f3w w ramach konsultacji indywidualnych oraz zajmuje si\u0119 prowadzeniem procesu tranzycji.  Ca\u0142\u0105 moj\u0105 prac\u0119 poddaj\u0119 regularnej  superwizji.<\/p>\n","protected":false},"excerpt":{"rendered":"<p>Jestem psycholo\u017ck\u0105 specjalno\u015bci klinicznej, seksuolo\u017ck\u0105, terapeutk\u0105 poznawczo-behawioraln\u0105 w&nbsp;trakcie procesu certyfikacji. Do\u015bwiadczenie zawodowe zdobywa\u0142am na Oddziale Psychiatrycznym w Szpitalu Specjalistycznym w Cz\u0119stochowie oraz w Poradni Seksuologii i Patologii Wsp\u00f3\u0142\u017cycia w Warszawie. Prowadzi\u0142am terapi\u0119 indywidualn\u0105 i grupow\u0105 w O\u015brodku Leczenia Uzale\u017cnie\u0144, pracuj\u0105c z pacjentami borykaj\u0105cymi si\u0119 z uzale\u017cnieniem od alkoholu, narkotyk\u00f3w, hazardu i uzale\u017cnie\u0144 behawioralnych. Wsp\u00f3\u0142pracowa\u0142am z wieloma szko\u0142ami \u015brednimi prowadz\u0105c warsztaty dla m\u0142odzie\u017cy dotycz\u0105ce wykluczenia, stygmatyzacji i r\u00f3wno\u015bci. Prowadzi\u0142am r\u00f3wnie\u017c zaj\u0119cia psychoedukacyjne z dzie\u0107mi w przedszkolu kszta\u0142tuj\u0105c prawid\u0142owe postawy, edukuj\u0119 w sferze emocjonalnej oraz wspiera\u0142am rozw\u00f3j psychofizyczny najm\u0142odszych. Ponadto pracowa\u0142am z osobami starszymi z niepe\u0142nosprawno\u015bci\u0105 i zaburzeniami pami\u0119ci wspieraj\u0105c aktywizacj\u0119 w jesieni ich \u017cycia. W Specjalnym O\u015brodku Wychowawczym w Cz\u0119stochowie udziela\u0142am wsparcia dzieciom i m\u0142odzie\u017cy do\u015bwiadczaj\u0105cym wykluczenia spo\u0142ecznego, trudno\u015bci wynikaj\u0105cych z zaburze\u0144 zachowania, spektrum autyzmu oraz pomaga\u0142am w rozwi\u0105zywaniu trudno\u015bci seksualnych.Pracowa\u0142am w szpitalu MSWiA na Oddziale Leczenia Zaburze\u0144 Nerwicowych, gdzie prowadzi\u0142am psychoterapi\u0119 indywidualn\u0105 i grupow\u0105 dla pacjent\u00f3w do\u015bwiadczaj\u0105cych: depresji, PTSD i zaburze\u0144 l\u0119kowych. Obecnie, prowadz\u0119 psychoterapi\u0119 indywidualn\u0105 oraz seksuologiczn\u0105. Wsp\u00f3\u0142towarzysz\u0119 rodzicom nastoletnich pacjent\u00f3w w ramach konsultacji indywidualnych oraz zajmuje si\u0119 prowadzeniem procesu tranzycji. Ca\u0142\u0105 moj\u0105 prac\u0119 poddaj\u0119 regularnej superwizji.<\/p>\n","protected":false},"author":1,"featured_media":0,"parent":0,"menu_order":0,"comment_status":"closed","ping_status":"closed","template":"","meta":{"footnotes":""},"class_list":["post-19","page","type-page","status-publish","hentry"],"_links":{"self":[{"href":"https:\/\/terapia-zinkiewicz.pl\/index.php\/wp-json\/wp\/v2\/pages\/19","targetHints":{"allow":["GET"]}}],"collection":[{"href":"https:\/\/terapia-zinkiewicz.pl\/index.php\/wp-json\/wp\/v2\/pages"}],"about":[{"href":"https:\/\/terapia-zinkiewicz.pl\/index.php\/wp-json\/wp\/v2\/types\/page"}],"author":[{"embeddable":true,"href":"https:\/\/terapia-zinkiewicz.pl\/index.php\/wp-json\/wp\/v2\/users\/1"}],"replies":[{"embeddable":true,"href":"https:\/\/terapia-zinkiewicz.pl\/index.php\/wp-json\/wp\/v2\/comments?post=19"}],"version-history":[{"count":9,"href":"https:\/\/terapia-zinkiewicz.pl\/index.php\/wp-json\/wp\/v2\/pages\/19\/revisions"}],"predecessor-version":[{"id":147,"href":"https:\/\/terapia-zinkiewicz.pl\/index.php\/wp-json\/wp\/v2\/pages\/19\/revisions\/147"}],"wp:attachment":[{"href":"https:\/\/terapia-zinkiewicz.pl\/index.php\/wp-json\/wp\/v2\/media?parent=19"}],"curies":[{"name":"wp","href":"https:\/\/api.w.org\/{rel}","templated":true}]}}